{"id":1071,"date":"2014-01-24T19:24:24","date_gmt":"2014-01-24T18:24:24","guid":{"rendered":"http:\/\/f1.manbos.com\/blog\/?page_id=1071"},"modified":"2018-05-04T19:04:47","modified_gmt":"2018-05-04T17:04:47","slug":"politica-de-cookies-de-f1cfa","status":"publish","type":"page","link":"https:\/\/f1cfa.com\/wordpress\/index.php\/politica-de-cookies-de-f1cfa\/","title":{"rendered":"Pol\u00edtica de cookies de f1cfa.com"},"content":{"rendered":"<p><strong>\u00bfQu\u00e9 es una cookie?<\/strong><\/p>\n<p>Las cookies son archivos de texto que contienen peque\u00f1as cantidades de informaci\u00f3n y que se descargan en tu dispositivo cuando visitas una p\u00e1gina web. Despu\u00e9s, las cookies se env\u00edan de vuelta a la p\u00e1gina web de origen en cada una de las visitas subsiguientes (cookies de origen) o a otra p\u00e1gina web que reconozca esa cookie (cookies de terceros). Las cookies son \u00fatiles porque hacen posible que una p\u00e1gina web reconozca el dispositivo de un usuario.<\/p>\n<p>Las cookies tienen muchas finalidades, como permitirte navegar entre p\u00e1ginas con eficiencia, recordar tus preferencias y, en general, mejorar tu experiencia como usuario. Tambi\u00e9n te ayudan a garantizar que los anuncios que ves online son los m\u00e1s relevantes para ti y tus intereses.<\/p>\n<p>Tomando como base la funci\u00f3n que tienen las cookies y el fin para el que se utilizan, hay cuatro categor\u00edas de cookies: cookies estrictamente necesarias, cookies de rendimiento, cookies de\u00a0funcionalidad o cookies publicitarias.<\/p>\n<p><strong>Cookies estrictamente necesarias<\/strong><\/p>\n<p>Son esenciales para que te puedas mover por una p\u00e1gina web y usar sus funciones. Sin estas cookies, no se te podr\u00e1n ofrecer los servicios que demandas, por ejemplo, recordar acciones anteriores (como el texto introducido) cuando vuelvas a una p\u00e1gina sin haber cerrado sesi\u00f3n.<\/p>\n<p><strong>Cookies de rendimiento<\/strong><\/p>\n<p>Recogen informaci\u00f3n acerca de c\u00f3mo se usa una p\u00e1gina web, por ejemplo, a qu\u00e9 p\u00e1ginas se dirigen los usuarios con mayor frecuencia y si esas p\u00e1ginas web les dan mensajes de error. Estas cookies no recogen informaci\u00f3n que identifique al usuario: toda la informaci\u00f3n que recogen estas cookies es agregada y, por lo tanto, an\u00f3nima. Solo se emplea para mejorar el funcionamiento de una p\u00e1gina web.<\/p>\n<p><strong>Cookies de funcionalidad<\/strong><\/p>\n<p>Hacen posible que una p\u00e1gina web recuerde tus preferencias (como el nombre de usuario, el idioma o tu ubicaci\u00f3n geogr\u00e1fica) y te ofrece funciones mejoradas y personales. Por ejemplo, una p\u00e1gina web podr\u00eda ofrecerte informaci\u00f3n fiscal relativa a los precios locales utilizando una cookie para guardar la provincia en la que te encuentras en la actualidad. Las cookies de funcionalidad tambi\u00e9n pueden utilizarse para prestar servicios que t\u00fa solicites, como ver un v\u00eddeo. La informaci\u00f3n que recogen estas cookies puede mantenerse en el anonimato y no podr\u00e1n seguir tu actividad de navegaci\u00f3n por otras p\u00e1ginas web.<\/p>\n<p><strong>Cookies publicitarias<\/strong><\/p>\n<p>Se utilizan para mostrarte los anuncios m\u00e1s relevantes para ti y tus intereses. Tambi\u00e9n se usan para limitar el n\u00famero de veces que ves un anuncio, as\u00ed como para ayudar a medir la efectividad de una campa\u00f1a publicitaria. Recuerdan si has visitado una p\u00e1gina web o no, y esta informaci\u00f3n se comparte con otras organizaciones, como los anunciantes. Las cookies publicitarias con frecuencia estar\u00e1n vinculadas a la funcionalidad de un sitio de otras organizaciones.<\/p>\n<p><strong>Uso de cookies por parte de F1CFA.COM<\/strong><\/p>\n<p>Como en la mayor\u00eda de las p\u00e1ginas web, tu visita a F1CFA.COM utiliza cookies para mejorar la experiencia del usuario haciendo posible que la p\u00e1gina web te recuerde, bien por la duraci\u00f3n de tu visita o por la repetici\u00f3n de las visitas, lo que te permitir\u00e1 navegar entre p\u00e1ginas de forma m\u00e1s eficiente, guardando tus preferencias, permiti\u00e9ndote interactuar con redes sociales como Facebook o Google + y ofreci\u00e9ndote servicios de Google Maps.<\/p>\n<p>Las cookies las establecer\u00e1 nuestra p\u00e1gina web (cookies de origen) u otras p\u00e1ginas web que ejecutan su contenido en nuestra p\u00e1gina web (cookies de terceros); por ejemplo, nuestras p\u00e1ginas web incluyen botones incrustados de \u00abCompartir\u00bb que permiten a los usuarios de la web compartir su contenido con amigos a trav\u00e9s de redes sociales como Facebook y Twitter . Esas otras p\u00e1ginas pueden establecer una cookie cuando has iniciado sesi\u00f3n en su servicio. F1CFA.COM no controla las cookies de esas p\u00e1ginas web. Consulta las p\u00e1ginas web de terceros para ampliar esta informaci\u00f3n sobre sus cookies y sobre c\u00f3mo gestionarlas.<\/p>\n","protected":false},"excerpt":{"rendered":"<p>\u00bfQu\u00e9 es una cookie? Las cookies son archivos de texto que contienen peque\u00f1as cantidades de informaci\u00f3n y que se descargan en tu dispositivo cuando visitas una p\u00e1gina web. Despu\u00e9s, las cookies se env\u00edan de vuelta a la p\u00e1gina web de origen en cada una de&hellip;<\/p>\n","protected":false},"author":1,"featured_media":0,"parent":0,"menu_order":0,"comment_status":"closed","ping_status":"closed","template":"","meta":[],"_links":{"self":[{"href":"https:\/\/f1cfa.com\/wordpress\/index.php\/wp-json\/wp\/v2\/pages\/1071"}],"collection":[{"href":"https:\/\/f1cfa.com\/wordpress\/index.php\/wp-json\/wp\/v2\/pages"}],"about":[{"href":"https:\/\/f1cfa.com\/wordpress\/index.php\/wp-json\/wp\/v2\/types\/page"}],"author":[{"embeddable":true,"href":"https:\/\/f1cfa.com\/wordpress\/index.php\/wp-json\/wp\/v2\/users\/1"}],"replies":[{"embeddable":true,"href":"https:\/\/f1cfa.com\/wordpress\/index.php\/wp-json\/wp\/v2\/comments?post=1071"}],"version-history":[{"count":3,"href":"https:\/\/f1cfa.com\/wordpress\/index.php\/wp-json\/wp\/v2\/pages\/1071\/revisions"}],"predecessor-version":[{"id":1486,"href":"https:\/\/f1cfa.com\/wordpress\/index.php\/wp-json\/wp\/v2\/pages\/1071\/revisions\/1486"}],"wp:attachment":[{"href":"https:\/\/f1cfa.com\/wordpress\/index.php\/wp-json\/wp\/v2\/media?parent=1071"}],"curies":[{"name":"wp","href":"https:\/\/api.w.org\/{rel}","templated":true}]}}